{"id":22,"date":"2017-03-13T10:46:14","date_gmt":"2017-03-13T09:46:14","guid":{"rendered":"https:\/\/www.brodtfoundation.org\/?page_id=22"},"modified":"2021-10-06T10:00:13","modified_gmt":"2021-10-06T08:00:13","slug":"ueber-uns","status":"publish","type":"page","link":"https:\/\/www.brodtfoundation.org\/de\/ueber-uns\/","title":{"rendered":"\u00dcber uns"},"content":{"rendered":"\n<h1 class=\"wp-block-heading\">\u00dcber uns<\/h1>\n\n\n\n<p>Zukunftsorientierte Bildung der jungen Generation verstehen wir uns als wesentliche Grundlage daf\u00fcr, den Herausforderungen einer globalisierten Gesellschaft zu begegnen und diese verantwortungsvoll und selbstbewusst mit zu gestalten.<\/p>\n\n\n\n<p><strong>Schwerpunkt unserer Stiftungsarbeit ist die F\u00f6rderung von innovativen Bildungsprojekten, Bildungsprogrammen und kreativen p\u00e4dagogischen Konzepten f\u00fcr Kinder und Jugendliche in M\u00fcnchen.<\/strong><\/p>\n\n\n\n<p>Wir f\u00f6rdern bestehender Bildungseinrichtungen, z.B. Kinderg\u00e4rten und Schulen, die von einer K\u00f6rperschaft des \u00f6ffentlichen Rechts, insbesondere der israelitischen Kultusgemeinde, getragen werden.<\/p>\n\n\n\n<p>Hierzu entwickeln wir eigene Programme oder Projekte und f\u00f6rdern zudem Projektideen anderer.<\/p>\n\n\n\n<p>Nehmen Sie gerne Kontakt mit uns auf.<\/p>\n","protected":false},"excerpt":{"rendered":"<p>\u00dcber uns Zukunftsorientierte Bildung der jungen Generation verstehen wir uns als wesentliche Grundlage daf\u00fcr, den Herausforderungen einer globalisierten Gesellschaft zu begegnen und diese verantwortungsvoll und selbstbewusst mit zu gestalten. Schwerpunkt unserer Stiftungsarbeit ist die F\u00f6rderung von innovativen Bildungsprojekten, Bildungsprogrammen und kreativen p\u00e4dagogischen Konzepten f\u00fcr Kinder und Jugendliche in M\u00fcnchen. Wir f\u00f6rdern bestehender Bildungseinrichtungen, z.B. Kinderg\u00e4rten [&hellip;]<\/p>\n","protected":false},"author":1,"featured_media":304,"parent":0,"menu_order":0,"comment_status":"closed","ping_status":"closed","template":"","meta":{"footnotes":""},"class_list":["post-22","page","type-page","status-publish","has-post-thumbnail","hentry"],"_links":{"self":[{"href":"https:\/\/www.brodtfoundation.org\/de\/wp-json\/wp\/v2\/pages\/22","targetHints":{"allow":["GET"]}}],"collection":[{"href":"https:\/\/www.brodtfoundation.org\/de\/wp-json\/wp\/v2\/pages"}],"about":[{"href":"https:\/\/www.brodtfoundation.org\/de\/wp-json\/wp\/v2\/types\/page"}],"author":[{"embeddable":true,"href":"https:\/\/www.brodtfoundation.org\/de\/wp-json\/wp\/v2\/users\/1"}],"replies":[{"embeddable":true,"href":"https:\/\/www.brodtfoundation.org\/de\/wp-json\/wp\/v2\/comments?post=22"}],"version-history":[{"count":12,"href":"https:\/\/www.brodtfoundation.org\/de\/wp-json\/wp\/v2\/pages\/22\/revisions"}],"predecessor-version":[{"id":2924,"href":"https:\/\/www.brodtfoundation.org\/de\/wp-json\/wp\/v2\/pages\/22\/revisions\/2924"}],"wp:featuredmedia":[{"embeddable":true,"href":"https:\/\/www.brodtfoundation.org\/de\/wp-json\/wp\/v2\/media\/304"}],"wp:attachment":[{"href":"https:\/\/www.brodtfoundation.org\/de\/wp-json\/wp\/v2\/media?parent=22"}],"curies":[{"name":"wp","href":"https:\/\/api.w.org\/{rel}","templated":true}]}}