{"id":8,"date":"2016-05-02T09:08:54","date_gmt":"2016-05-02T07:08:54","guid":{"rendered":"https:\/\/www.brodtfoundation.org\/?page_id=8"},"modified":"2018-12-11T08:24:16","modified_gmt":"2018-12-11T07:24:16","slug":"impressum","status":"publish","type":"page","link":"https:\/\/www.brodtfoundation.org\/de\/impressum\/","title":{"rendered":"Impressum"},"content":{"rendered":"<h1>Impressum<\/h1>\n<p>Anbieter dieser Internetpr\u00e4senz ist im Rechtssinne die Brodt Foundation. Gemeinn\u00fctzige Stiftung des b\u00fcrgerlichen Rechts mit Sitz in M\u00fcnchen.<\/p>\n<p><strong>Adresse:<\/strong> Lindwurmstrasse 117, 80337 M\u00fcnchen<br \/>\n<strong>Mail:<\/strong> <a href=\"&#x6d;&#97;&#x69;&#x6c;&#116;&#x6f;&#58;i&#x6e;&#102;o&#x40;&#98;r&#x6f;&#100;t&#x66;&#111;&#x75;&#x6e;&#100;&#x61;&#x74;&#105;&#x6f;&#110;&#46;&#x6f;&#114;g\">i&#110;&#102;&#x6f;&#x40;&#x62;ro&#100;&#116;&#x66;&#x6f;&#x75;n&#100;&#97;&#116;&#x69;&#x6f;&#x6e;&#46;&#111;&#114;&#x67;<\/a><br \/>\n<strong>Web:<\/strong> www.brodtfoundation.org<br \/>\n<strong>Vorstand:<\/strong> Jakob Brodt (Vorsitzender), Aline Brodt (stellv. Vorsitzende)<\/p>\n<p><strong>Anerkennung:<\/strong><br \/>\nStiftungsaufsicht der Regierung von Oberbayern,<br \/>\nGemeinn\u00fctzigkeit anerkannt vom FA M\u00fcnchen f\u00fcr K\u00f6rperschaften.<\/p>\n<p><strong>Rechtliche Hinweise zum Urheberrecht:<\/strong><br \/>\nDas Layout der Homepage, die verwendeten Grafiken sowie die sonstigen Inhalte der Internetpr\u00e4senz sind urheberrechtlich gesch\u00fctzt.<br \/>\n\u00a9 Brodt Foundation, M\u00fcnchen.<br \/>\nAlle Rechte vorbehalten.<\/p>\n<p><strong>Rechtliche Hinweise zur Haftung \/ Disclaimer:<\/strong><br \/>\nDie Brodt Foundation ist um Richtigkeit und Aktualit\u00e4t der auf dieser Internetpr\u00e4senz bereitgestellten Informationen bem\u00fcht.<br \/>\nHaftungshinweis f\u00fcr alle Links, die von unserer Homepage zu anderen Internetseiten f\u00fchren: Wir erkl\u00e4ren hiermit ausdr\u00fccklich, dass wir keinen Einfluss auf die Inhalte der verlinkten Seiten haben und in keiner Weise daf\u00fcr verantwortlich zu machen sind.<\/p>\n<p>Alle Rechte liegen bei uns. Jedes Kopieren oder andere Formen der Weitergabe, ob Teile oder das Ganze, bedarf unserer schriftlichen Einwilligung.<\/p>\n","protected":false},"excerpt":{"rendered":"<p>Impressum Anbieter dieser Internetpr\u00e4senz ist im Rechtssinne die Brodt Foundation. Gemeinn\u00fctzige Stiftung des b\u00fcrgerlichen Rechts mit Sitz in M\u00fcnchen. Adresse: Lindwurmstrasse 117, 80337 M\u00fcnchen Mail: &#105;&#x6e;f&#x6f;&#x40;&#98;&#x72;o&#x64;&#x74;&#102;&#x6f;u&#x6e;&#x64;&#97;&#x74;i&#x6f;&#x6e;&#46;&#x6f;r&#x67; Web: www.brodtfoundation.org Vorstand: Jakob Brodt (Vorsitzender), Aline Brodt (stellv. Vorsitzende) Anerkennung: Stiftungsaufsicht der Regierung von Oberbayern, Gemeinn\u00fctzigkeit anerkannt vom FA M\u00fcnchen f\u00fcr K\u00f6rperschaften. Rechtliche Hinweise zum Urheberrecht: Das Layout [&hellip;]<\/p>\n","protected":false},"author":1,"featured_media":0,"parent":0,"menu_order":2,"comment_status":"closed","ping_status":"closed","template":"","meta":{"footnotes":""},"class_list":["post-8","page","type-page","status-publish","hentry"],"_links":{"self":[{"href":"https:\/\/www.brodtfoundation.org\/de\/wp-json\/wp\/v2\/pages\/8","targetHints":{"allow":["GET"]}}],"collection":[{"href":"https:\/\/www.brodtfoundation.org\/de\/wp-json\/wp\/v2\/pages"}],"about":[{"href":"https:\/\/www.brodtfoundation.org\/de\/wp-json\/wp\/v2\/types\/page"}],"author":[{"embeddable":true,"href":"https:\/\/www.brodtfoundation.org\/de\/wp-json\/wp\/v2\/users\/1"}],"replies":[{"embeddable":true,"href":"https:\/\/www.brodtfoundation.org\/de\/wp-json\/wp\/v2\/comments?post=8"}],"version-history":[{"count":2,"href":"https:\/\/www.brodtfoundation.org\/de\/wp-json\/wp\/v2\/pages\/8\/revisions"}],"predecessor-version":[{"id":861,"href":"https:\/\/www.brodtfoundation.org\/de\/wp-json\/wp\/v2\/pages\/8\/revisions\/861"}],"wp:attachment":[{"href":"https:\/\/www.brodtfoundation.org\/de\/wp-json\/wp\/v2\/media?parent=8"}],"curies":[{"name":"wp","href":"https:\/\/api.w.org\/{rel}","templated":true}]}}